{"id":3,"date":"2024-06-07T19:38:37","date_gmt":"2024-06-07T17:38:37","guid":{"rendered":"http:\/\/verrycherry.eu\/?page_id=3"},"modified":"2024-06-07T19:38:37","modified_gmt":"2024-06-07T17:38:37","slug":"polityka-prywatnosci","status":"publish","type":"page","link":"https:\/\/verrycherry.eu\/de\/polityka-prywatnosci\/","title":{"rendered":"Datenschutzrichtlinie"},"content":{"rendered":"<h2 class=\"wp-block-heading\">Wer wir sind<\/h2>\n\n\n<p><strong class=\"privacy-policy-tutorial\">Textvorschlag: <\/strong>Unsere Website-Adresse lautet: http:\/\/verrycherry.eu.<\/p>\n\n\n<h2 class=\"wp-block-heading\">Kommentare<\/h2>\n\n\n<p><strong class=\"privacy-policy-tutorial\">Textvorschlag: <\/strong>Wenn Besucher Kommentare auf der Site hinterlassen, erfassen wir die im Kommentarformular angezeigten Daten sowie die IP-Adresse des Besuchers und den User-Agent-String (damit wird der Browser identifiziert), um die Spam-Erkennung zu unterst\u00fctzen.<\/p>\n\n\n<p>Aus Ihrer E-Mail-Adresse kann eine anonymisierte Zeichenfolge (auch Hash genannt) erstellt und dem Gravatar-Dienst zur Verf\u00fcgung gestellt werden, um zu pr\u00fcfen, ob sie verwendet wird. Die Datenschutzrichtlinie des Gravatar-Dienstes finden Sie unter: https:\/\/automattic.com\/privacy\/. Sobald Ihr Kommentar freigegeben wurde, ist Ihr Profilbild im Kontext Ihres Kommentars \u00f6ffentlich sichtbar.<\/p>\n\n\n<h2 class=\"wp-block-heading\">Medien<\/h2>\n\n\n<p><strong class=\"privacy-policy-tutorial\">Textvorschlag: <\/strong>Wenn Sie ein registrierter Benutzer sind und Bilder auf die Website hochladen, sollten Sie das Hochladen von Bildern mit EXIF-Standort-Tags vermeiden. Besucher der Site k\u00f6nnen vollst\u00e4ndige Standortdaten von Bildern auf der Site herunterladen und lesen.<\/p>\n\n\n<h2 class=\"wp-block-heading\">Dieses Portal verwendet Cookies zur Optimierung der Browserfunktion. Informieren Sie sich, wie wir Cookies verwenden und wie Sie Ihre Einstellungen \u00e4ndern k\u00f6nnen.<\/h2>\n\n\n<p><strong class=\"privacy-policy-tutorial\">Textvorschlag: <\/strong>Wenn Sie auf der Site einen Kommentar hinterlassen, haben Sie die M\u00f6glichkeit, Ihren Namen, Ihre E-Mail-Adresse und Ihre Website in Cookies zu speichern, sodass Sie diese Informationen beim Hinterlassen nachfolgender Kommentare bequem ausf\u00fcllen k\u00f6nnen. Cookies verlieren nach einem Jahr ihre G\u00fcltigkeit.<\/p>\n\n\n<p>Wenn Sie die Anmeldeseite besuchen, setzen wir ein tempor\u00e4res Cookie, um festzustellen, ob Ihr Browser Cookies akzeptiert. Es enth\u00e4lt keine personenbezogenen Daten und wird beim Schlie\u00dfen des Browsers gel\u00f6scht.<\/p>\n\n\n<p>Wenn Sie sich anmelden, richten wir au\u00dferdem mehrere Cookies ein, um Ihre Anmeldeinformationen und Ihre Bildschirmanzeigeeinstellungen zu speichern. Anmelde-Cookies verfallen nach zwei Tagen und Cookies f\u00fcr Bildschirmoptionen nach einem Jahr. Wenn Sie \u201eAngemeldet bleiben\u201c aktivieren, l\u00e4uft Ihr Login nach zwei Wochen ab. Wenn Sie sich von Ihrem Konto abmelden, werden die Anmelde-Cookies gel\u00f6scht.<\/p>\n\n\n<p>Wenn Sie einen Artikel bearbeiten oder ver\u00f6ffentlichen, wird ein zus\u00e4tzlicher Cookie in Ihrem Browser gespeichert. Dieses Cookie enth\u00e4lt keine personenbezogenen Daten und gibt lediglich die Beitrags-ID des Artikels an, den Sie gerade bearbeitet haben. Es l\u00e4uft nach 1 Tag ab.<\/p>\n\n\n<h2 class=\"wp-block-heading\">Eingebettete Inhalte von anderen Websites<\/h2>\n\n\n<p><strong class=\"privacy-policy-tutorial\">Textvorschlag: <\/strong>Artikel auf dieser Site k\u00f6nnen eingebettete Inhalte enthalten (z. B. Videos, Bilder, Artikel usw.). Eingebettete Inhalte von anderen Websites verhalten sich exakt so, als ob der Benutzer diese Website direkt besucht h\u00e4tte.<\/p>\n\n\n<p>Diese Websites k\u00f6nnen Daten \u00fcber Sie sammeln, Cookies benutzen, zus\u00e4tzliche Tracking-Dienste von Dritten einbetten und Ihre Interaktion mit diesem eingebetteten Inhalt aufzeichnen, inklusive Ihrer Interaktion mit dem eingebetteten Inhalt, falls Sie ein Konto haben und auf dieser Website angemeldet sind.<\/p>\n\n\n<h2 class=\"wp-block-heading\">Mit wem teilen wir Daten?<\/h2>\n\n\n<p><strong class=\"privacy-policy-tutorial\">Textvorschlag: <\/strong>Wenn Sie eine Zur\u00fccksetzung des Passworts anfordern, wird Ihre IP-Adresse in der gesendeten Nachricht enthalten sein.<\/p>\n\n\n<h2 class=\"wp-block-heading\">Wie lange bewahren wir Ihre Daten auf?<\/h2>\n\n\n<p><strong class=\"privacy-policy-tutorial\">Textvorschlag: <\/strong>Wenn Sie einen Kommentar hinterlassen, bleiben der Kommentar und seine Metadaten zeitlich unbegrenzt gespeichert. Auf diese Weise k\u00f6nnen wir nachfolgende Kommentare automatisch erkennen und freigeben, ohne sie jedes Mal zur Moderation zu schicken.<\/p>\n\n\n<p>F\u00fcr Benutzer, die sich auf unserer Website registrieren (falls vorhanden), speichern wir zus\u00e4tzlich die pers\u00f6nlichen Informationen, die sie in ihren Benutzerprofilen angeben. Jeder Benutzer kann seine pers\u00f6nlichen Daten jederzeit einsehen, korrigieren oder l\u00f6schen (mit Ausnahme des Benutzernamens, der nicht ge\u00e4ndert werden kann). Site-Administratoren k\u00f6nnen diese Informationen ebenfalls anzeigen und \u00e4ndern.<\/p>\n\n\n<h2 class=\"wp-block-heading\">Welche Rechte haben Sie an Ihren Daten?<\/h2>\n\n\n<p><strong class=\"privacy-policy-tutorial\">Textvorschlag: <\/strong>Wenn Sie \u00fcber ein Benutzerkonto verf\u00fcgen oder Kommentare auf dieser Site hinterlassen haben, k\u00f6nnen Sie eine exportierte Datei Ihrer bei uns gespeicherten personenbezogenen Daten anfordern, einschlie\u00dflich aller von Ihnen bereitgestellten Daten. Sie k\u00f6nnen au\u00dferdem verlangen, dass wir alle personenbezogenen Daten l\u00f6schen, die wir \u00fcber Sie gespeichert haben. Dies umfasst nicht die Daten, die wir aufgrund administrativer, rechtlicher oder sicherheitsrelevanter Notwendigkeiten aufbewahren m\u00fcssen.<\/p>\n\n\n<h2 class=\"wp-block-heading\">Wohin wir Ihre Daten senden<\/h2>\n\n\n<p><strong class=\"privacy-policy-tutorial\">Textvorschlag: <\/strong>Besucherkommentare k\u00f6nnten von einem automatisierten Dienst zur Spam-Erkennung untersucht werden.<\/p>","protected":false},"excerpt":{"rendered":"<p>Kim jeste\u015bmy Sugerowany tekst: Adres naszej strony internetowej to: http:\/\/verrycherry.eu. Komentarze Sugerowany tekst: Kiedy odwiedzaj\u0105cy witryn\u0119 zostawia komentarz, zbieramy dane widoczne w formularzu komentowania, jak i adres IP odwiedzaj\u0105cego oraz podpis jego przegl\u0105darki jako pomoc przy wykrywaniu spamu. Anonimizowany ci\u0105g znak\u00f3w utworzony z twojego adresu e-mail (zwany te\u017c hashem) mo\u017ce zosta\u0107 przes\u0142any do us\u0142ugi Gravatar [&hellip;]<\/p>","protected":false},"author":1,"featured_media":0,"parent":0,"menu_order":0,"comment_status":"closed","ping_status":"open","template":"","meta":{"footnotes":""},"class_list":["post-3","page","type-page","status-publish","hentry"],"_links":{"self":[{"href":"https:\/\/verrycherry.eu\/de\/wp-json\/wp\/v2\/pages\/3","targetHints":{"allow":["GET"]}}],"collection":[{"href":"https:\/\/verrycherry.eu\/de\/wp-json\/wp\/v2\/pages"}],"about":[{"href":"https:\/\/verrycherry.eu\/de\/wp-json\/wp\/v2\/types\/page"}],"author":[{"embeddable":true,"href":"https:\/\/verrycherry.eu\/de\/wp-json\/wp\/v2\/users\/1"}],"replies":[{"embeddable":true,"href":"https:\/\/verrycherry.eu\/de\/wp-json\/wp\/v2\/comments?post=3"}],"version-history":[{"count":1,"href":"https:\/\/verrycherry.eu\/de\/wp-json\/wp\/v2\/pages\/3\/revisions"}],"predecessor-version":[{"id":7500,"href":"https:\/\/verrycherry.eu\/de\/wp-json\/wp\/v2\/pages\/3\/revisions\/7500"}],"wp:attachment":[{"href":"https:\/\/verrycherry.eu\/de\/wp-json\/wp\/v2\/media?parent=3"}],"curies":[{"name":"wp","href":"https:\/\/api.w.org\/{rel}","templated":true}]}}